{"id":7814,"date":"2025-06-11T17:55:39","date_gmt":"2025-06-11T17:55:39","guid":{"rendered":"https:\/\/eotklinikankara.com\/blog\/"},"modified":"2025-11-14T14:21:00","modified_gmt":"2025-11-14T14:21:00","slug":"blog","status":"publish","type":"page","link":"https:\/\/eotklinikankara.com\/en\/blog\/","title":{"rendered":"Blog"},"content":{"rendered":"<style>.elementor-7814 .elementor-element.elementor-element-1bf71e4{--display:flex;--margin-top:33px;--margin-bottom:0px;--margin-left:0px;--margin-right:0px;}.elementor-widget-heading .elementor-heading-title{font-family:var( --e-global-typography-primary-font-family ), Sans-serif;font-size:var( --e-global-typography-primary-font-size );font-weight:var( --e-global-typography-primary-font-weight );line-height:var( --e-global-typography-primary-line-height );color:var( --e-global-color-primary );}.elementor-7814 .elementor-element.elementor-element-79505cb .elementor-heading-title{font-family:\"Inter\", Sans-serif;font-size:38px;font-weight:700;line-height:1.2em;}.elementor-7814 .elementor-element.elementor-element-aaf92ca{--display:flex;}.elementor-7814 .elementor-element.elementor-element-96ad7b7{text-align:start;}.elementor-7814 .elementor-element.elementor-element-96ad7b7 .elementor-heading-title{font-family:\"Inter\", Sans-serif;font-size:23px;font-weight:600;line-height:1em;color:var( --e-global-color-4f925cc );}.elementor-7814 .elementor-element.elementor-element-0d4bf53 > .elementor-container{max-width:1170px;}.elementor-7814 .elementor-element.elementor-element-0d4bf53{transition:background 0.3s, border 0.3s, border-radius 0.3s, box-shadow 0.3s;padding:0px 0px 80px 0px;}.elementor-7814 .elementor-element.elementor-element-0d4bf53 > .elementor-background-overlay{transition:background 0.3s, border-radius 0.3s, opacity 0.3s;}.elementor-7814 .elementor-element.elementor-element-b459a94.elementor-column > .elementor-widget-wrap{justify-content:center;}.elementor-7814 .elementor-element.elementor-element-44f3059 > .elementor-container{max-width:1170px;}.elementor-7814 .elementor-element.elementor-element-44f3059{margin-top:40px;margin-bottom:0px;}.elementor-7814 .elementor-element.elementor-element-942d6fd .jeg-elementor-kit.jkit-postblock .jkit-posts{grid-template-columns:repeat(3, minmax(0, 1fr));grid-column-gap:40px;}.elementor-7814 .elementor-element.elementor-element-942d6fd .jeg-elementor-kit.jkit-postblock .jkit-thumb{border-radius:5px 5px 5px 5px;}.elementor-7814 .elementor-element.elementor-element-942d6fd .jeg-elementor-kit.jkit-postblock .jkit-thumb .thumbnail-container{height:300px;}.elementor-7814 .elementor-element.elementor-element-942d6fd .jeg-elementor-kit.jkit-postblock .jkit-postblock-content{text-align:left;}.elementor-7814 .elementor-element.elementor-element-942d6fd .jeg-elementor-kit.jkit-postblock .jkit-post-title a, .elementor-7814 .elementor-element.elementor-element-942d6fd .jeg-elementor-kit.jkit-postblock.postblock-type-4 .jkit-post-title a{font-family:\"Inter\", Sans-serif;font-size:18px;font-weight:600;text-decoration:none;line-height:1.3em;}.elementor-7814 .elementor-element.elementor-element-942d6fd .jeg-elementor-kit.jkit-postblock .jkit-post-title a{color:var( --e-global-color-primary );}.elementor-7814 .elementor-element.elementor-element-942d6fd .jeg-elementor-kit.jkit-postblock .jkit-post-title a:hover{color:var( --e-global-color-primary );}.elementor-7814 .elementor-element.elementor-element-942d6fd .jeg-elementor-kit.jkit-postblock .jkit-post-excerpt{font-family:var( --e-global-typography-text-font-family ), Sans-serif;font-size:var( --e-global-typography-text-font-size );font-weight:var( --e-global-typography-text-font-weight );line-height:var( --e-global-typography-text-line-height );}.elementor-7814 .elementor-element.elementor-element-942d6fd .jeg-elementor-kit.jkit-postblock .jkit-post-excerpt p{color:var( --e-global-color-primary );}.elementor-7814 .elementor-element.elementor-element-942d6fd .jeg-elementor-kit.jkit-postblock .jkit-block-pagination .jkit-pagination-button{width:100%;}.elementor-7814 .elementor-element.elementor-element-942d6fd .jeg-elementor-kit.jkit-postblock .jkit-block-pagination .jkit-pagination-button.icon-position-before i, .elementor-7814 .elementor-element.elementor-element-942d6fd .jeg-elementor-kit.jkit-postblock .jkit-block-pagination .jkit-pagination-button.icon-position-before svg{margin-right:5px;}.elementor-7814 .elementor-element.elementor-element-942d6fd .jeg-elementor-kit.jkit-postblock .jkit-block-pagination .jkit-pagination-button.icon-position-after i, .elementor-7814 .elementor-element.elementor-element-942d6fd .jeg-elementor-kit.jkit-postblock .jkit-block-pagination .jkit-pagination-button.icon-position-after svg{margin-left:5px;}.elementor-7814 .elementor-element.elementor-element-942d6fd .jeg-elementor-kit.jkit-postblock .jkit-block-pagination{text-align:center;}.elementor-7814 .elementor-element.elementor-element-942d6fd .jeg-elementor-kit.jkit-postblock .jkit-block-pagination .jkit-pagination-button.jkit-block-nextprev .disabled{opacity:50%;}.elementor-7814 .elementor-element.elementor-element-942d6fd .jeg-elementor-kit.jkit-postblock .jkit-post-meta-bottom{justify-content:space-between;}.elementor-7814 .elementor-element.elementor-element-942d6fd .jeg-elementor-kit.jkit-postblock .jeg_empty_module{text-align:left;}:root{--page-title-display:none;}@media(max-width:1024px) and (min-width:768px){.elementor-7814 .elementor-element.elementor-element-38119a6{width:100%;}}@media(max-width:1024px){.elementor-widget-heading .elementor-heading-title{font-size:var( --e-global-typography-primary-font-size );line-height:var( --e-global-typography-primary-line-height );}.elementor-7814 .elementor-element.elementor-element-0d4bf53{padding:80px 10px 40px 10px;}.elementor-7814 .elementor-element.elementor-element-b459a94 > .elementor-element-populated{padding:0px 10px 0px 10px;}.elementor-7814 .elementor-element.elementor-element-44f3059{padding:0px 0px 0px 0px;}.elementor-7814 .elementor-element.elementor-element-38119a6 > .elementor-element-populated{margin:0px 0px 0px 0px;--e-column-margin-right:0px;--e-column-margin-left:0px;}.elementor-7814 .elementor-element.elementor-element-942d6fd .jeg-elementor-kit.jkit-postblock .jkit-posts{grid-template-columns:repeat(1, minmax(0, 1fr));}.elementor-7814 .elementor-element.elementor-element-942d6fd .jeg-elementor-kit.jkit-postblock .jkit-thumb{border-radius:10px 10px 10px 10px;}.elementor-7814 .elementor-element.elementor-element-942d6fd .jeg-elementor-kit.jkit-postblock .jkit-thumb .thumbnail-container{height:420px;}.elementor-7814 .elementor-element.elementor-element-942d6fd .jeg-elementor-kit.jkit-postblock .jkit-post-excerpt{font-size:var( --e-global-typography-text-font-size );line-height:var( --e-global-typography-text-line-height );}}@media(max-width:767px){.elementor-widget-heading .elementor-heading-title{font-size:var( --e-global-typography-primary-font-size );line-height:var( --e-global-typography-primary-line-height );}.elementor-7814 .elementor-element.elementor-element-79505cb .elementor-heading-title{font-size:32px;}.elementor-7814 .elementor-element.elementor-element-96ad7b7 .elementor-heading-title{font-size:16px;}.elementor-7814 .elementor-element.elementor-element-0d4bf53{padding:40px 10px 20px 10px;}.elementor-7814 .elementor-element.elementor-element-44f3059{margin-top:20px;margin-bottom:0px;}.elementor-7814 .elementor-element.elementor-element-38119a6 > .elementor-element-populated{margin:0px 0px 0px 0px;--e-column-margin-right:0px;--e-column-margin-left:0px;}.elementor-7814 .elementor-element.elementor-element-942d6fd .jeg-elementor-kit.jkit-postblock .jkit-thumb .thumbnail-container{height:210px;}.elementor-7814 .elementor-element.elementor-element-942d6fd .jeg-elementor-kit.jkit-postblock .jkit-post-title a, .elementor-7814 .elementor-element.elementor-element-942d6fd .jeg-elementor-kit.jkit-postblock.postblock-type-4 .jkit-post-title a{font-size:16px;}.elementor-7814 .elementor-element.elementor-element-942d6fd .jeg-elementor-kit.jkit-postblock .jkit-post-excerpt{font-size:var( --e-global-typography-text-font-size );line-height:var( --e-global-typography-text-line-height );}}<\/style>\t\t<div data-elementor-type=\"wp-page\" data-elementor-id=\"7814\" class=\"elementor elementor-7814 elementor-309\" data-elementor-post-type=\"page\">\n\t\t\t\t<div class=\"elementor-element elementor-element-1bf71e4 e-flex e-con-boxed e-con e-parent\" data-id=\"1bf71e4\" data-element_type=\"container\" data-e-type=\"container\">\n\t\t\t\t\t<div class=\"e-con-inner\">\n\t\t\t\t<div class=\"elementor-element elementor-element-79505cb elementor-widget elementor-widget-heading\" data-id=\"79505cb\" data-element_type=\"widget\" data-e-type=\"widget\" data-widget_type=\"heading.default\">\n\t\t\t\t<div class=\"elementor-widget-container\">\n\t\t\t\t\t<h1 class=\"elementor-heading-title elementor-size-default\">Blog | Our Articles About Oral and Dental Health <\/h1>\t\t\t\t<\/div>\n\t\t\t\t<\/div>\n\t\t\t\t\t<\/div>\n\t\t\t\t<\/div>\n\t\t<div class=\"elementor-element elementor-element-aaf92ca e-flex e-con-boxed e-con e-parent\" data-id=\"aaf92ca\" data-element_type=\"container\" data-e-type=\"container\">\n\t\t\t\t\t<div class=\"e-con-inner\">\n\t\t\t\t<div class=\"elementor-element elementor-element-96ad7b7 animated-slow elementor-invisible elementor-widget elementor-widget-heading\" data-id=\"96ad7b7\" data-element_type=\"widget\" data-e-type=\"widget\" data-settings=\"{&quot;_animation&quot;:&quot;fadeInRight&quot;}\" data-widget_type=\"heading.default\">\n\t\t\t\t<div class=\"elementor-widget-container\">\n\t\t\t\t\t<h2 class=\"elementor-heading-title elementor-size-default\">EOT Clinic Ankara<\/h2>\t\t\t\t<\/div>\n\t\t\t\t<\/div>\n\t\t\t\t\t<\/div>\n\t\t\t\t<\/div>\n\t\t\t\t<section class=\"elementor-section elementor-top-section elementor-element elementor-element-0d4bf53 elementor-section-boxed elementor-section-height-default elementor-section-height-default\" data-id=\"0d4bf53\" data-element_type=\"section\" data-e-type=\"section\" data-settings=\"{&quot;background_background&quot;:&quot;classic&quot;}\">\n\t\t\t\t\t\t<div class=\"elementor-container elementor-column-gap-default\">\n\t\t\t\t\t<div class=\"elementor-column elementor-col-100 elementor-top-column elementor-element elementor-element-b459a94\" data-id=\"b459a94\" data-element_type=\"column\" data-e-type=\"column\">\n\t\t\t<div class=\"elementor-widget-wrap elementor-element-populated\">\n\t\t\t\t\t\t<section class=\"elementor-section elementor-inner-section elementor-element elementor-element-44f3059 animated-slow elementor-section-boxed elementor-section-height-default elementor-section-height-default elementor-invisible\" data-id=\"44f3059\" data-element_type=\"section\" data-e-type=\"section\" data-settings=\"{&quot;animation&quot;:&quot;fadeInUp&quot;}\">\n\t\t\t\t\t\t<div class=\"elementor-container elementor-column-gap-no\">\n\t\t\t\t\t<div class=\"elementor-column elementor-col-100 elementor-inner-column elementor-element elementor-element-38119a6\" data-id=\"38119a6\" data-element_type=\"column\" data-e-type=\"column\">\n\t\t\t<div class=\"elementor-widget-wrap elementor-element-populated\">\n\t\t\t\t\t\t<div class=\"elementor-element elementor-element-942d6fd elementor-widget elementor-widget-jkit_post_block\" data-id=\"942d6fd\" data-element_type=\"widget\" data-e-type=\"widget\" data-widget_type=\"jkit_post_block.default\">\n\t\t\t\t<div class=\"elementor-widget-container\">\n\t\t\t\t\t<div  class=\"jeg-elementor-kit jkit-postblock postblock-type-2 jkit-pagination-loadmore post-element jeg_module___69d0d9547b52a\"  data-id=\"jeg_module___69d0d9547b52a\" data-settings=\"{&quot;post_type&quot;:&quot;post&quot;,&quot;number_post&quot;:{&quot;unit&quot;:&quot;px&quot;,&quot;size&quot;:6,&quot;sizes&quot;:[]},&quot;post_offset&quot;:0,&quot;unique_content&quot;:&quot;disable&quot;,&quot;include_post&quot;:&quot;&quot;,&quot;exclude_post&quot;:&quot;&quot;,&quot;include_category&quot;:&quot;&quot;,&quot;exclude_category&quot;:&quot;&quot;,&quot;include_author&quot;:&quot;&quot;,&quot;include_tag&quot;:&quot;&quot;,&quot;exclude_tag&quot;:&quot;&quot;,&quot;sort_by&quot;:&quot;latest&quot;,&quot;pagination_mode&quot;:&quot;loadmore&quot;,&quot;pagination_loadmore_text&quot;:&quot;Daha Fazla Y\\u00fckle&quot;,&quot;pagination_loading_text&quot;:&quot;Y\\u00fckleniyor...&quot;,&quot;pagination_number_post&quot;:{&quot;unit&quot;:&quot;px&quot;,&quot;size&quot;:3,&quot;sizes&quot;:[]},&quot;pagination_scroll_limit&quot;:0,&quot;pagination_icon&quot;:{&quot;value&quot;:&quot;&quot;,&quot;library&quot;:&quot;&quot;},&quot;pagination_icon_position&quot;:&quot;before&quot;,&quot;st_category_position&quot;:&quot;center&quot;,&quot;sg_content_postblock_type&quot;:&quot;type-2&quot;,&quot;sg_content_element_order&quot;:&quot;title&quot;,&quot;sg_content_breakpoint&quot;:&quot;tablet&quot;,&quot;sg_content_title_html_tag&quot;:&quot;h3&quot;,&quot;sg_content_category_enable&quot;:&quot;&quot;,&quot;sg_content_excerpt_enable&quot;:&quot;yes&quot;,&quot;sg_content_excerpt_length&quot;:{&quot;unit&quot;:&quot;px&quot;,&quot;size&quot;:12,&quot;sizes&quot;:[]},&quot;sg_content_excerpt_more&quot;:&quot;...&quot;,&quot;sg_content_readmore_enable&quot;:&quot;&quot;,&quot;sg_content_readmore_icon&quot;:{&quot;value&quot;:&quot;fas fa-arrow-right&quot;,&quot;library&quot;:&quot;fa-solid&quot;},&quot;sg_content_readmore_icon_position&quot;:&quot;after&quot;,&quot;sg_content_readmore_text&quot;:&quot;Daha Fazla Oku&quot;,&quot;sg_content_comment_enable&quot;:&quot;&quot;,&quot;sg_content_comment_icon&quot;:{&quot;value&quot;:&quot;fas fa-comment&quot;,&quot;library&quot;:&quot;fa-solid&quot;},&quot;sg_content_comment_icon_position&quot;:&quot;before&quot;,&quot;sg_content_meta_enable&quot;:&quot;&quot;,&quot;sg_content_meta_author_enable&quot;:&quot;&quot;,&quot;sg_content_meta_author_by_text&quot;:&quot;by&quot;,&quot;sg_content_meta_author_icon&quot;:{&quot;value&quot;:&quot;fas fa-user&quot;,&quot;library&quot;:&quot;fa-solid&quot;},&quot;sg_content_meta_author_icon_position&quot;:&quot;before&quot;,&quot;sg_content_meta_date_enable&quot;:&quot;yes&quot;,&quot;sg_content_meta_date_type&quot;:&quot;published&quot;,&quot;sg_content_meta_date_format&quot;:&quot;default&quot;,&quot;sg_content_meta_date_format_custom&quot;:&quot;F j, Y&quot;,&quot;sg_content_meta_date_icon&quot;:{&quot;value&quot;:&quot;fas fa-clock&quot;,&quot;library&quot;:&quot;fa-solid&quot;},&quot;sg_content_meta_date_icon_position&quot;:&quot;before&quot;,&quot;sg_content_image_size_imagesize_size&quot;:&quot;full&quot;,&quot;lang&quot;:&quot;en&quot;,&quot;paged&quot;:1,&quot;class&quot;:&quot;jkit_post_block&quot;}\"><div class=\"jkit-block-container\"><div class=\"jeg_empty_module\">No Content Available<\/div><\/div><\/div>\t\t\t\t<\/div>\n\t\t\t\t<\/div>\n\t\t\t\t\t<\/div>\n\t\t<\/div>\n\t\t\t\t\t<\/div>\n\t\t<\/section>\n\t\t\t\t\t<\/div>\n\t\t<\/div>\n\t\t\t\t\t<\/div>\n\t\t<\/section>\n\t\t\t\t<\/div>\n\t\t","protected":false},"excerpt":{"rendered":"<p>Blog | Our Articles About Oral and Dental Health EOT Clinic Ankara Zirkonyum \u0130mplant Ankara Di\u015f Beyazlatma Y\u00f6ntemleri: 4 Teknikle Parlak Di\u015fler Spor Di\u015f Hekimli\u011fi: 3 Ad\u0131mda Di\u015f Koruyucu Aparat Se\u00e7imi Periodontal Hastal\u0131klar\u0131 4 Ad\u0131mda \u00d6nlemenin Yollar\u0131 \u0130mplant Tedavisinde 7 S\u0131k Sorulan Soru ve Cevaplar\u0131 Endodonti ile 3 G\u00fcnde A\u011fr\u0131s\u0131z Kanal Tedavisi M\u00fcmk\u00fcn m\u00fc? Daha [&hellip;]<\/p>\n","protected":false},"author":1,"featured_media":6895,"parent":0,"menu_order":0,"comment_status":"closed","ping_status":"closed","template":"","meta":{"footnotes":""},"class_list":["post-7814","page","type-page","status-publish","has-post-thumbnail","hentry"],"_links":{"self":[{"href":"https:\/\/eotklinikankara.com\/en\/wp-json\/wp\/v2\/pages\/7814","targetHints":{"allow":["GET"]}}],"collection":[{"href":"https:\/\/eotklinikankara.com\/en\/wp-json\/wp\/v2\/pages"}],"about":[{"href":"https:\/\/eotklinikankara.com\/en\/wp-json\/wp\/v2\/types\/page"}],"author":[{"embeddable":true,"href":"https:\/\/eotklinikankara.com\/en\/wp-json\/wp\/v2\/users\/1"}],"replies":[{"embeddable":true,"href":"https:\/\/eotklinikankara.com\/en\/wp-json\/wp\/v2\/comments?post=7814"}],"version-history":[{"count":2,"href":"https:\/\/eotklinikankara.com\/en\/wp-json\/wp\/v2\/pages\/7814\/revisions"}],"predecessor-version":[{"id":10205,"href":"https:\/\/eotklinikankara.com\/en\/wp-json\/wp\/v2\/pages\/7814\/revisions\/10205"}],"wp:featuredmedia":[{"embeddable":true,"href":"https:\/\/eotklinikankara.com\/en\/wp-json\/wp\/v2\/media\/6895"}],"wp:attachment":[{"href":"https:\/\/eotklinikankara.com\/en\/wp-json\/wp\/v2\/media?parent=7814"}],"curies":[{"name":"wp","href":"https:\/\/api.w.org\/{rel}","templated":true}]}}