{"id":10381,"date":"2025-06-11T16:31:50","date_gmt":"2025-06-11T16:31:50","guid":{"rendered":"https:\/\/eotklinikankara.com\/kvkk\/"},"modified":"2025-11-15T21:14:08","modified_gmt":"2025-11-15T21:14:08","slug":"kvkk","status":"publish","type":"page","link":"https:\/\/eotklinikankara.com\/de\/kvkk\/","title":{"rendered":"KVKK"},"content":{"rendered":"<style>.elementor-10381 .elementor-element.elementor-element-4f72df4{--display:flex;}.elementor-10381 .elementor-element.elementor-element-4daa97c{--spacer-size:30px;}.elementor-10381 .elementor-element.elementor-element-0019439{--display:flex;}.elementor-widget-text-editor{font-family:var( --e-global-typography-text-font-family ), Sans-serif;font-size:var( --e-global-typography-text-font-size );font-weight:var( --e-global-typography-text-font-weight );line-height:var( --e-global-typography-text-line-height );color:var( --e-global-color-text );}.elementor-widget-text-editor.elementor-drop-cap-view-stacked .elementor-drop-cap{background-color:var( --e-global-color-primary );}.elementor-widget-text-editor.elementor-drop-cap-view-framed .elementor-drop-cap, .elementor-widget-text-editor.elementor-drop-cap-view-default .elementor-drop-cap{color:var( --e-global-color-primary );border-color:var( --e-global-color-primary );}.elementor-10381 .elementor-element.elementor-element-f2cb574{--display:flex;}.elementor-10381 .elementor-element.elementor-element-69ada46{--spacer-size:30px;}.elementor-10381 .elementor-element.elementor-element-b3d5796{--display:flex;}.elementor-widget-heading .elementor-heading-title{font-family:var( --e-global-typography-primary-font-family ), Sans-serif;font-size:var( --e-global-typography-primary-font-size );font-weight:var( --e-global-typography-primary-font-weight );line-height:var( --e-global-typography-primary-line-height );color:var( --e-global-color-primary );}:root{--page-title-display:none;}@media(max-width:1024px){.elementor-widget-text-editor{font-size:var( --e-global-typography-text-font-size );line-height:var( --e-global-typography-text-line-height );}.elementor-widget-heading .elementor-heading-title{font-size:var( --e-global-typography-primary-font-size );line-height:var( --e-global-typography-primary-line-height );}}@media(max-width:767px){.elementor-widget-text-editor{font-size:var( --e-global-typography-text-font-size );line-height:var( --e-global-typography-text-line-height );}.elementor-widget-heading .elementor-heading-title{font-size:var( --e-global-typography-primary-font-size );line-height:var( --e-global-typography-primary-line-height );}}<\/style>\t\t<div data-elementor-type=\"wp-page\" data-elementor-id=\"10381\" class=\"elementor elementor-10381 elementor-172\" data-elementor-post-type=\"page\">\n\t\t\t\t<div class=\"elementor-element elementor-element-4f72df4 e-flex e-con-boxed e-con e-parent\" data-id=\"4f72df4\" data-element_type=\"container\" data-e-type=\"container\">\n\t\t\t\t\t<div class=\"e-con-inner\">\n\t\t\t\t<div class=\"elementor-element elementor-element-4daa97c elementor-widget elementor-widget-spacer\" data-id=\"4daa97c\" data-element_type=\"widget\" data-e-type=\"widget\" data-widget_type=\"spacer.default\">\n\t\t\t\t<div class=\"elementor-widget-container\">\n\t\t\t\t\t\t\t<div class=\"elementor-spacer\">\n\t\t\t<div class=\"elementor-spacer-inner\"><\/div>\n\t\t<\/div>\n\t\t\t\t\t\t<\/div>\n\t\t\t\t<\/div>\n\t\t\t\t\t<\/div>\n\t\t\t\t<\/div>\n\t\t<div class=\"elementor-element elementor-element-0019439 e-flex e-con-boxed e-con e-parent\" data-id=\"0019439\" data-element_type=\"container\" data-e-type=\"container\">\n\t\t\t\t\t<div class=\"e-con-inner\">\n\t\t\t\t<div class=\"elementor-element elementor-element-fea190f elementor-widget elementor-widget-text-editor\" data-id=\"fea190f\" data-element_type=\"widget\" data-e-type=\"widget\" data-widget_type=\"text-editor.default\">\n\t\t\t\t<div class=\"elementor-widget-container\">\n\t\t\t\t\t\t\t\t\t<header class=\"page-header\"><header class=\"page-header\">\n<h3 class=\"page-title\">Informationstext zum Schutz und zur Verarbeitung personenbezogener Daten<\/h3>\n<\/header><article id=\"post-5854\" class=\"post-wrap post-5854 page type-page status-publish hentry\">Als \u201eEOT Ankara Dental Clinic\u201c wird im Folgenden der Umfang erl\u00e4utert, in dem die von unseren Patienten erhobenen personenbezogenen Daten von uns als Datenverantwortlichem gem\u00e4\u00df dem Datenschutzgesetz Nr. 6698 unter Ber\u00fccksichtigung der Aspekte des Schutzes der Privatsph\u00e4re verarbeitet werden k\u00f6nnen.\n\n\n<strong>Was ist die Methode und der rechtliche Grund f\u00fcr die Erhebung Ihrer personenbezogenen Daten?<\/strong>\n\nIhre personenbezogenen Daten werden gem\u00e4\u00df den einschl\u00e4gigen gesetzlichen Bestimmungen und unter Einhaltung der vom Datenschutzausschuss getroffenen Ma\u00dfnahmen verarbeitet, um den Gesundheitsdienstleistungsvertrag mit Ihnen zu begr\u00fcnden und zu erf\u00fcllen, unsere gesetzlichen Verpflichtungen zu erf\u00fcllen, sofern Ihre Grundrechte und -freiheiten nicht beeintr\u00e4chtigt werden, wenn die Datenverarbeitung f\u00fcr unsere berechtigten Interessen, f\u00fcr Zwecke der Pr\u00e4ventivmedizin, der medizinischen Diagnostik, der Bereitstellung, Finanzierung und Verwaltung von Gesundheitsdienstleistungen, f\u00fcr statistische Studien zur Verbesserung der Dienstleistungsqualit\u00e4t und f\u00fcr die Sicherheit am Arbeitsplatz zwingend erforderlich ist.\n\nIhre personenbezogenen Daten werden durch das Ausf\u00fcllen von Patienteninformationsformularen, Einverst\u00e4ndniserkl\u00e4rungen und Patientenbehandlungskarten, durch schriftliche, m\u00fcndliche und E-Mail-Mitteilungen von Ihnen, durch Aufzeichnungen von Patiententelefonaten, durch Informationen, die Sie auf unserer Website eingeben, durch Mitteilungen Ihrer privaten Krankenversicherung, durch Mitteilungen des Krankenhauses oder der Gesundheitseinrichtung, in der Sie behandelt werden oder medizinische Tests und Analysen durchf\u00fchren lassen, als Ergebnis Ihrer medizinischen Untersuchungen und durch Aufzeichnungen von Video\u00fcberwachungskameras erhoben.\n\nIhre personenbezogenen Daten beziehen sich auf die Gesundheitsinformationen, die Krankengeschichte, die Identifikationsinformationen, das Foto, die Aufzeichnungen der \u00dcberwachungskameras, die Kontaktinformationen, den Beruf, die in den Patienteninformations- und Einverst\u00e4ndniserkl\u00e4rungen gemachten Angaben sowie die Testergebnisse, die Sie uns w\u00e4hrend und nach der Untersuchung\/Diagnose\/Behandlung schriftlich, m\u00fcndlich oder elektronisch zur Verf\u00fcgung stellen. Diese Informationen werden physisch und digital gespeichert. Ihre personenbezogenen Daten k\u00f6nnen gem\u00e4\u00df den Grundprinzipien des Gesetzes zum Schutz personenbezogener Daten (KVKK) und im Rahmen der in den Artikeln 5 und 6 des KVKK festgelegten Bedingungen und Zwecke der Verarbeitung personenbezogener Daten an die in diesem \u201eInformationstext\u201c genannten nat\u00fcrlichen und juristischen Personen und f\u00fcr die nachstehend genannten Zwecke verarbeitet und \u00fcbermittelt werden.\n\n<strong>Zu welchen Zwecken verarbeiten wir Ihre personenbezogenen Daten?<\/strong>\n\nIhre personenbezogenen Daten k\u00f6nnen zu folgenden Zwecken verarbeitet werden: Erbringung medizinischer Behandlungen und Dienstleistungen, Information \u00fcber unsere Dienstleistungen, Information \u00fcber Ihren Termin, wenn Sie einen Termin vereinbaren, Bereitstellung der M\u00f6glichkeit, von Produkten, Dienstleistungen und M\u00f6glichkeiten im Zusammenhang mit unseren T\u00e4tigkeitsbereichen zu profitieren, Information \u00fcber und Erm\u00f6glichung der Nutzung von Vorteilen wie Sonderaktionen, Promotionen und Rabatten, Information \u00fcber Veranstaltungen, Dienstleistungen und Entwicklungen, Durchf\u00fchrung von Analysen zur Verbesserung der Dienstleistungen, Gew\u00e4hrleistung der Sicherheit am Arbeitsplatz, Kopieren\/Sichern zur Verhinderung von Datenverlust, Rechnungsstellung, Versenden von SMS und kommerziellen elektronischen Nachrichten, Information \u00fcber Sie und unsere Follower auf unseren Social-Media-Konten, Messung der Patientenzufriedenheit und Beantwortung all Ihrer Fragen und Beschwerden im Rahmen unserer Gesundheitsdienstleistungen, Gew\u00e4hrleistung der digitalen und physischen Datensicherheit und Sicherstellung der Erf\u00fcllung gesetzlicher Verpflichtungen, wie sie von gesetzlichen Vorschriften gefordert oder vorgeschrieben sind, sowie f\u00fcr andere im KVKK genannte Zwecke.\n\n<ul class=\"wp-block-list\">\n<li><strong>An wen und zu welchem Zweck \u00fcbermitteln wir Ihre personenbezogenen Daten?<\/strong><\/li>\n<\/ul>\nIhre gem\u00e4\u00df dem KVKK und den obigen Artikeln I und II erhobenen personenbezogenen Daten; gem\u00e4\u00df den vom KVKK festgelegten Grundprinzipien und innerhalb der in den Artikeln 8 und 9 des KVKK festgelegten Bedingungen und Zwecke der Verarbeitung personenbezogener Daten und f\u00fcr die oben genannten Zwecke; (falls Sie zustimmen) k\u00f6nnen Ihre SMS- und E-Mail-Informationen an das Unternehmen weitergegeben werden, von dem wir den IYS-Massenversanddienst beziehen, um Sie \u00fcber unsere Dienstleistungen zu informieren, Sie \u00fcber Ihre Termine zu informieren, Sie \u00fcber Veranstaltungen, Dienstleistungen und Entwicklungen zu informieren, SMS und kommerzielle elektronische Nachrichten zu versenden, Ihre E-Mail-Adresse an unseren Buchhalter zur Rechnungsstellung, Ihr Foto und Videobild (falls Sie zustimmen) an das Unternehmen, das unsere Social-Media-Konten verwaltet, die Aufzeichnungen der Video\u00fcberwachungskamera aus dem Inneren der Praxis an das Sicherheitsunternehmen oder an offizielle Beh\u00f6rden im Falle einer gesetzlichen Verpflichtung oder eines berechtigten Interesses, und f\u00fcr andere im KVKK genannte Zwecke; Im Falle einer gesetzlichen Notwendigkeit oder eines berechtigten Interesses k\u00f6nnen personenbezogene Daten an Rechtsvertreter und Dritte weitergegeben werden, von denen wir Beratungsleistungen erhalten, einschlie\u00dflich Anw\u00e4lte, Finanzberater, Berater, Wirtschaftspr\u00fcfer, die wir autorisiert haben, Labore, von denen wir Dienstleistungen f\u00fcr medizinische Untersuchungen und Analysen erhalten, gesetzlich autorisierte \u00f6ffentliche Einrichtungen und Privatpersonen.\n\n\n<strong>Was sind Ihre Rechte als Dateneigent\u00fcmer gem\u00e4\u00df Artikel 11 des KVKK?<\/strong>\n\nAls Inhaber personenbezogener Daten haben Sie das Recht zu erfahren, ob Ihre personenbezogenen Daten verarbeitet werden, Informationen anzufordern, falls Ihre personenbezogenen Daten verarbeitet wurden, den Zweck der Verarbeitung Ihrer personenbezogenen Daten zu erfahren und ob sie ihrem Zweck entsprechend verwendet werden, die Dritten zu kennen, an die Ihre personenbezogenen Daten \u00fcbermittelt wurden, die Berichtigung Ihrer personenbezogenen Daten zu verlangen, wenn sie unvollst\u00e4ndig oder unrichtig sind, und die Benachrichtigung der in diesem Zusammenhang ergriffenen Ma\u00dfnahme an Dritte, an die Ihre personenbezogenen Daten \u00fcbermittelt wurden, zu verlangen, die L\u00f6schung oder Vernichtung Ihrer personenbezogenen Daten zu verlangen, wenn die Gr\u00fcnde f\u00fcr die Verarbeitung entfallen sind, obwohl sie gem\u00e4\u00df den Bestimmungen des KVKK und anderer relevanter Gesetze verarbeitet wurden, und die Benachrichtigung der in diesem Zusammenhang ergriffenen Ma\u00dfnahme an Dritte, an die Ihre personenbezogenen Daten \u00fcbermittelt wurden, zu verlangen, der Analyse Ihrer verarbeiteten Daten ausschlie\u00dflich durch automatisierte Systeme zu widersprechen, die zu einem f\u00fcr die Person nachteiligen Ergebnis f\u00fchren, Ihre Einwilligung zur Verarbeitung Ihrer personenbezogenen Daten zu widerrufen und eine Entsch\u00e4digung f\u00fcr Ihre Verluste zu verlangen, falls Sie durch die unrechtm\u00e4\u00dfige Verarbeitung Ihrer personenbezogenen Daten einen Schaden erleiden.\n\n<strong>Wie werden Sie Ihre Rechte als Dateneigent\u00fcmer aus\u00fcben?<\/strong>\n\nUm Ihre vorgenannten Rechte gem\u00e4\u00df Artikel 11 des Gesetzes zum Schutz personenbezogener Daten auszu\u00fcben, k\u00f6nnen Sie sich an die \u201eEOT Ankara Dental Clinic\u201c (Kontaktadresse: \u00dcmit, 2480. Sk. Kafkas Sitesi no: 94, 06810 \u00c7ankaya\/Ankara) wenden, indem Sie Ihren schriftlichen Antrag pers\u00f6nlich oder \u00fcber einen Notar einreichen. Die \u201eEOT Ankara Dental Clinic\u201c wird die Anfrage so schnell wie m\u00f6glich und sp\u00e4testens innerhalb von drei\u00dfig (30) Tagen, je nach Art der Anfrage, abschlie\u00dfen.\n\nSie k\u00f6nnen Ihre Antr\u00e4ge im Rahmen von Artikel 11 des Gesetzes \u201eRegelung der Rechte der betroffenen Person\u201c auch schriftlich an die Adresse der Datenschutzbeh\u00f6rde \u201eNasuh Akar Mahallesi 1407 Sokak No: 4 \u00c7ankaya \/ Ankara\u201c gem\u00e4\u00df dem \u201eKommuniqu\u00e9 \u00fcber die Verfahren und Grunds\u00e4tze der Antragstellung beim Datenverantwortlichen\u201c richten oder online unter <a href=\"https:\/\/translate.google.com\/website?sl=auto&amp;tl=en&amp;hl=tr&amp;client=webapp&amp;u=http:\/\/www.kvkk.gov.tr\/\" target=\"_blank\" rel=\"noreferrer noopener nofollow\">www.kvkk.gov.tr<\/a> einen Antrag stellen.\n\n<strong>Wie lange werden Ihre personenbezogenen Daten verarbeitet?<\/strong>\n\nGem\u00e4\u00df dem KVKK werden Ihre f\u00fcr die im Informations- und Einwilligungstext genannten Zwecke verarbeiteten personenbezogenen Daten gel\u00f6scht, vernichtet oder anonymisiert und weiterhin von uns verwendet, wenn der Zweck, der die Verarbeitung erfordert, gem\u00e4\u00df KVKK Artikel 7\/f.1 entf\u00e4llt und\/oder wenn die Verj\u00e4hrungsfristen, die f\u00fcr uns zur Verarbeitung Ihrer Daten gem\u00e4\u00df der Gesetzgebung erforderlich sind, ablaufen.\n\n<ul class=\"wp-block-list\">\n<li><strong>Gem\u00e4\u00df dem KVKK k\u00f6nnen folgende Situationen eintreten, in denen \u201eEOT Ankara Dental Clinic\u201c <\/strong><strong>Ihre personenbezogenen Daten ohne Ihre ausdr\u00fcckliche Einwilligung verarbeiten kann:<\/strong><\/li>\n<\/ul>\nGem\u00e4\u00df Artikel 5 des KVKK k\u00f6nnen Ihre personenbezogenen Daten, wie oben angegeben und in \u00dcbereinstimmung mit dem Gesetz erhalten, in den folgenden F\u00e4llen ohne Ihre ausdr\u00fcckliche Einwilligung verarbeitet werden:\n\n\nIn F\u00e4llen, in denen es gesetzlich eindeutig vorgeschrieben ist, wenn Sie als Dateneigent\u00fcmer aufgrund tats\u00e4chlicher Unm\u00f6glichkeit keine Einwilligung geben k\u00f6nnen oder wenn Ihre Einwilligung rechtlich nicht g\u00fcltig ist, ist die Verarbeitung Ihrer personenbezogenen Daten zum Schutz Ihres Lebens oder Ihrer k\u00f6rperlichen Unversehrtheit oder der einer anderen Person zwingend erforderlich, wenn es zur Erf\u00fcllung einer rechtlichen Verpflichtung zwingend erforderlich ist, wenn Ihre personenbezogenen Daten von Ihnen \u00f6ffentlich gemacht wurden, wenn die Datenverarbeitung zur Begr\u00fcndung, Aus\u00fcbung oder zum Schutz eines Rechts zwingend erforderlich ist, wenn die Datenverarbeitung f\u00fcr die berechtigten Interessen der \u201eEOT Ankara Dental Clinic\u201c zwingend erforderlich ist, sofern Ihre Grundrechte und -freiheiten nicht beeintr\u00e4chtigt werden.\n\n<strong>DATENSICHERHEIT<\/strong>\n\nAls Datenverantwortlicher im Rahmen des KVKK ergreift \u201eEOT Ankara Dental Clinic\u201c alle erforderlichen physischen, digitalen, technischen und administrativen Ma\u00dfnahmen, um ein angemessenes Sicherheitsniveau zu gew\u00e4hrleisten, um die unrechtm\u00e4\u00dfige Verarbeitung personenbezogener Daten zu verhindern, den unrechtm\u00e4\u00dfigen Zugriff auf personenbezogene Daten zu verhindern und die Aufbewahrung personenbezogener Daten zu gew\u00e4hrleisten.\n\n<\/article><\/header>\n\t\t\t\t\t\t\t\t<\/div>\n\t\t\t\t<\/div>\n\t\t\t\t\t<\/div>\n\t\t\t\t<\/div>\n\t\t<div class=\"elementor-element elementor-element-f2cb574 e-flex e-con-boxed e-con e-parent\" data-id=\"f2cb574\" data-element_type=\"container\" data-e-type=\"container\">\n\t\t\t\t\t<div class=\"e-con-inner\">\n\t\t\t\t<div class=\"elementor-element elementor-element-69ada46 elementor-widget elementor-widget-spacer\" data-id=\"69ada46\" data-element_type=\"widget\" data-e-type=\"widget\" data-widget_type=\"spacer.default\">\n\t\t\t\t<div class=\"elementor-widget-container\">\n\t\t\t\t\t\t\t<div class=\"elementor-spacer\">\n\t\t\t<div class=\"elementor-spacer-inner\"><\/div>\n\t\t<\/div>\n\t\t\t\t\t\t<\/div>\n\t\t\t\t<\/div>\n\t\t\t\t\t<\/div>\n\t\t\t\t<\/div>\n\t\t<div class=\"elementor-element elementor-element-b3d5796 e-flex e-con-boxed e-con e-parent\" data-id=\"b3d5796\" data-element_type=\"container\" data-e-type=\"container\">\n\t\t\t\t\t<div class=\"e-con-inner\">\n\t\t\t\t<div class=\"elementor-element elementor-element-964d701 elementor-hidden-desktop elementor-hidden-tablet elementor-hidden-mobile elementor-widget elementor-widget-heading\" data-id=\"964d701\" data-element_type=\"widget\" data-e-type=\"widget\" data-widget_type=\"heading.default\">\n\t\t\t\t<div class=\"elementor-widget-container\">\n\t\t\t\t\t<h1 class=\"elementor-heading-title elementor-size-default\">EOT Clinic Ankara<\/h1>\t\t\t\t<\/div>\n\t\t\t\t<\/div>\n\t\t\t\t\t<\/div>\n\t\t\t\t<\/div>\n\t\t\t\t<\/div>\n\t\t","protected":false},"excerpt":{"rendered":"<p>Informationstext zum Schutz und zur Verarbeitung personenbezogener Daten Als \u201eEOT Ankara Dental Clinic\u201c wird im Folgenden der Umfang erl\u00e4utert, in dem die von unseren Patienten erhobenen personenbezogenen Daten von uns als Datenverantwortlichem gem\u00e4\u00df dem Datenschutzgesetz Nr. 6698 unter Ber\u00fccksichtigung der Aspekte des Schutzes der Privatsph\u00e4re verarbeitet werden k\u00f6nnen. Was ist die Methode und der rechtliche [&hellip;]<\/p>\n","protected":false},"author":1,"featured_media":10252,"parent":0,"menu_order":0,"comment_status":"closed","ping_status":"closed","template":"","meta":{"footnotes":""},"class_list":["post-10381","page","type-page","status-publish","has-post-thumbnail","hentry"],"_links":{"self":[{"href":"https:\/\/eotklinikankara.com\/de\/wp-json\/wp\/v2\/pages\/10381","targetHints":{"allow":["GET"]}}],"collection":[{"href":"https:\/\/eotklinikankara.com\/de\/wp-json\/wp\/v2\/pages"}],"about":[{"href":"https:\/\/eotklinikankara.com\/de\/wp-json\/wp\/v2\/types\/page"}],"author":[{"embeddable":true,"href":"https:\/\/eotklinikankara.com\/de\/wp-json\/wp\/v2\/users\/1"}],"replies":[{"embeddable":true,"href":"https:\/\/eotklinikankara.com\/de\/wp-json\/wp\/v2\/comments?post=10381"}],"version-history":[{"count":5,"href":"https:\/\/eotklinikankara.com\/de\/wp-json\/wp\/v2\/pages\/10381\/revisions"}],"predecessor-version":[{"id":10995,"href":"https:\/\/eotklinikankara.com\/de\/wp-json\/wp\/v2\/pages\/10381\/revisions\/10995"}],"wp:featuredmedia":[{"embeddable":true,"href":"https:\/\/eotklinikankara.com\/de\/wp-json\/wp\/v2\/media\/10252"}],"wp:attachment":[{"href":"https:\/\/eotklinikankara.com\/de\/wp-json\/wp\/v2\/media?parent=10381"}],"curies":[{"name":"wp","href":"https:\/\/api.w.org\/{rel}","templated":true}]}}