{"id":10363,"date":"2025-06-27T13:51:47","date_gmt":"2025-06-27T13:51:47","guid":{"rendered":"https:\/\/eotklinikankara.com\/dr-hakan-yasar\/"},"modified":"2025-11-15T20:56:41","modified_gmt":"2025-11-15T20:56:41","slug":"dr-hakan-yasar","status":"publish","type":"page","link":"https:\/\/eotklinikankara.com\/de\/dr-hakan-yasar\/","title":{"rendered":"Dr. Hakan YA\u015eAR"},"content":{"rendered":"<style>.elementor-10363 .elementor-element.elementor-element-411f989{--display:flex;--flex-direction:row;--container-widget-width:initial;--container-widget-height:100%;--container-widget-flex-grow:1;--container-widget-align-self:stretch;--flex-wrap-mobile:wrap;--gap:0px 0px;--row-gap:0px;--column-gap:0px;--padding-top:100px;--padding-bottom:100px;--padding-left:0px;--padding-right:0px;}.elementor-10363 .elementor-element.elementor-element-dbfd3cb{--display:flex;--flex-direction:column;--container-widget-width:100%;--container-widget-height:initial;--container-widget-flex-grow:0;--container-widget-align-self:initial;--flex-wrap-mobile:wrap;border-style:solid;--border-style:solid;border-width:1px 1px 1px 1px;--border-top-width:1px;--border-right-width:1px;--border-bottom-width:1px;--border-left-width:1px;border-color:var( --e-global-color-primary );--border-color:var( --e-global-color-primary );--border-radius:10px 10px 10px 10px;--margin-top:10px;--margin-bottom:10px;--margin-left:10px;--margin-right:10px;}.elementor-10363 .elementor-element.elementor-element-9999739{--display:flex;}.elementor-widget-image .widget-image-caption{color:var( --e-global-color-text );font-family:var( --e-global-typography-text-font-family ), Sans-serif;font-size:var( --e-global-typography-text-font-size );font-weight:var( --e-global-typography-text-font-weight );line-height:var( --e-global-typography-text-line-height );}.elementor-10363 .elementor-element.elementor-element-4c8da05 img{border-radius:16px 16px 16px 16px;}.elementor-10363 .elementor-element.elementor-element-0f60d72{--display:flex;--flex-direction:column;--container-widget-width:100%;--container-widget-height:initial;--container-widget-flex-grow:0;--container-widget-align-self:initial;--flex-wrap-mobile:wrap;border-style:solid;--border-style:solid;border-width:1px 1px 1px 1px;--border-top-width:1px;--border-right-width:1px;--border-bottom-width:1px;--border-left-width:1px;border-color:var( --e-global-color-primary );--border-color:var( --e-global-color-primary );--border-radius:10px 10px 10px 10px;--margin-top:10px;--margin-bottom:10px;--margin-left:10px;--margin-right:10px;}.elementor-10363 .elementor-element.elementor-element-a53a9df{--display:flex;}.elementor-widget-heading .elementor-heading-title{font-family:var( --e-global-typography-primary-font-family ), Sans-serif;font-size:var( --e-global-typography-primary-font-size );font-weight:var( --e-global-typography-primary-font-weight );line-height:var( --e-global-typography-primary-line-height );color:var( --e-global-color-primary );}.elementor-10363 .elementor-element.elementor-element-9e14941 .elementor-heading-title{font-family:\"Inter\", Sans-serif;font-size:34px;font-weight:700;line-height:1.2em;color:var( --e-global-color-primary );}.elementor-10363 .elementor-element.elementor-element-e534b9a .elementor-heading-title{font-family:\"Inter\", Sans-serif;font-size:23px;font-weight:600;line-height:1.2em;color:var( --e-global-color-primary );}.elementor-widget-text-editor{font-family:var( --e-global-typography-text-font-family ), Sans-serif;font-size:var( --e-global-typography-text-font-size );font-weight:var( --e-global-typography-text-font-weight );line-height:var( --e-global-typography-text-line-height );color:var( --e-global-color-text );}.elementor-widget-text-editor.elementor-drop-cap-view-stacked .elementor-drop-cap{background-color:var( --e-global-color-primary );}.elementor-widget-text-editor.elementor-drop-cap-view-framed .elementor-drop-cap, .elementor-widget-text-editor.elementor-drop-cap-view-default .elementor-drop-cap{color:var( --e-global-color-primary );border-color:var( --e-global-color-primary );}.elementor-10363 .elementor-element.elementor-element-e8fce62{font-family:\"Heebo\", Sans-serif;font-size:21px;font-weight:400;line-height:1.5em;}:root{--page-title-display:none;}@media(min-width:768px){.elementor-10363 .elementor-element.elementor-element-dbfd3cb{--width:33.3333%;}.elementor-10363 .elementor-element.elementor-element-0f60d72{--width:66.6666%;}}@media(max-width:1024px){.elementor-widget-image .widget-image-caption{font-size:var( --e-global-typography-text-font-size );line-height:var( --e-global-typography-text-line-height );}.elementor-widget-heading .elementor-heading-title{font-size:var( --e-global-typography-primary-font-size );line-height:var( --e-global-typography-primary-line-height );}.elementor-widget-text-editor{font-size:var( --e-global-typography-text-font-size );line-height:var( --e-global-typography-text-line-height );}}@media(max-width:767px){.elementor-widget-image .widget-image-caption{font-size:var( --e-global-typography-text-font-size );line-height:var( --e-global-typography-text-line-height );}.elementor-widget-heading .elementor-heading-title{font-size:var( --e-global-typography-primary-font-size );line-height:var( --e-global-typography-primary-line-height );}.elementor-10363 .elementor-element.elementor-element-9e14941 .elementor-heading-title{font-size:32px;}.elementor-10363 .elementor-element.elementor-element-e534b9a .elementor-heading-title{font-size:32px;}.elementor-widget-text-editor{font-size:var( --e-global-typography-text-font-size );line-height:var( --e-global-typography-text-line-height );}.elementor-10363 .elementor-element.elementor-element-e8fce62{font-size:14px;}}<\/style>\t\t<div data-elementor-type=\"wp-page\" data-elementor-id=\"10363\" class=\"elementor elementor-10363 elementor-831\" data-elementor-post-type=\"page\">\n\t\t\t\t<div class=\"elementor-element elementor-element-411f989 e-flex e-con-boxed e-con e-parent\" data-id=\"411f989\" data-element_type=\"container\" data-e-type=\"container\">\n\t\t\t\t\t<div class=\"e-con-inner\">\n\t\t<div class=\"elementor-element elementor-element-dbfd3cb e-con-full e-flex e-con e-child\" data-id=\"dbfd3cb\" data-element_type=\"container\" data-e-type=\"container\">\n\t\t<div class=\"elementor-element elementor-element-9999739 e-con-full e-flex e-con e-child\" data-id=\"9999739\" data-element_type=\"container\" data-e-type=\"container\">\n\t\t\t\t<div class=\"elementor-element elementor-element-4c8da05 elementor-widget elementor-widget-image\" data-id=\"4c8da05\" data-element_type=\"widget\" data-e-type=\"widget\" data-widget_type=\"image.default\">\n\t\t\t\t<div class=\"elementor-widget-container\">\n\t\t\t\t\t\t\t\t\t\t\t\t\t\t\t<img fetchpriority=\"high\" decoding=\"async\" width=\"683\" height=\"1024\" src=\"https:\/\/eotklinikankara.com\/wp-content\/uploads\/2025\/06\/hakan-yasar-683x1024.webp\" class=\"attachment-large size-large wp-image-10318\" alt=\"Dr. Hakan YA\u015eAR\" srcset=\"https:\/\/eotklinikankara.com\/wp-content\/uploads\/2025\/06\/hakan-yasar-683x1024.webp 683w, https:\/\/eotklinikankara.com\/wp-content\/uploads\/2025\/06\/hakan-yasar-200x300.webp 200w, https:\/\/eotklinikankara.com\/wp-content\/uploads\/2025\/06\/hakan-yasar-768x1152.webp 768w, https:\/\/eotklinikankara.com\/wp-content\/uploads\/2025\/06\/hakan-yasar.webp 1000w\" sizes=\"(max-width: 683px) 100vw, 683px\" \/>\t\t\t\t\t\t\t\t\t\t\t\t\t\t\t<\/div>\n\t\t\t\t<\/div>\n\t\t\t\t<\/div>\n\t\t\t\t<\/div>\n\t\t<div class=\"elementor-element elementor-element-0f60d72 e-con-full e-flex e-con e-child\" data-id=\"0f60d72\" data-element_type=\"container\" data-e-type=\"container\">\n\t\t<div class=\"elementor-element elementor-element-a53a9df e-con-full e-flex e-con e-child\" data-id=\"a53a9df\" data-element_type=\"container\" data-e-type=\"container\">\n\t\t\t\t<div class=\"elementor-element elementor-element-9e14941 elementor-widget elementor-widget-heading\" data-id=\"9e14941\" data-element_type=\"widget\" data-e-type=\"widget\" data-widget_type=\"heading.default\">\n\t\t\t\t<div class=\"elementor-widget-container\">\n\t\t\t\t\t<h1 class=\"elementor-heading-title elementor-size-default\">Dr. Hakan YA\u015eAR<\/h1>\t\t\t\t<\/div>\n\t\t\t\t<\/div>\n\t\t\t\t<div class=\"elementor-element elementor-element-e534b9a elementor-widget elementor-widget-heading\" data-id=\"e534b9a\" data-element_type=\"widget\" data-e-type=\"widget\" data-widget_type=\"heading.default\">\n\t\t\t\t<div class=\"elementor-widget-container\">\n\t\t\t\t\t<h2 class=\"elementor-heading-title elementor-size-default\">Zahnarzt<\/h2>\t\t\t\t<\/div>\n\t\t\t\t<\/div>\n\t\t\t\t<div class=\"elementor-element elementor-element-e8fce62 elementor-widget elementor-widget-text-editor\" data-id=\"e8fce62\" data-element_type=\"widget\" data-e-type=\"widget\" data-widget_type=\"text-editor.default\">\n\t\t\t\t<div class=\"elementor-widget-container\">\n\t\t\t\t\t\t\t\t\t<p>Geboren 1971 in Ankara, absolvierte er dort seine Grund- und Sekundarschulbildung und besuchte anschlie\u00dfend das Kuleli-Milit\u00e4rgymnasium in Istanbul. 1996 schloss er sein Studium der Zahnmedizin an der Hacettepe-Universit\u00e4t ab.<\/p><p>Dr. Hakan Ya\u015ear, dessen besonderes Interesse auf Implantatprothetik, \u00e4sthetischer Zahnheilkunde, Prothesenplanung und digitaler Zahnmedizin liegt, praktiziert seit 1997 in seiner Privatpraxis.<\/p>\t\t\t\t\t\t\t\t<\/div>\n\t\t\t\t<\/div>\n\t\t\t\t<\/div>\n\t\t\t\t<\/div>\n\t\t\t\t\t<\/div>\n\t\t\t\t<\/div>\n\t\t\t\t<\/div>\n\t\t","protected":false},"excerpt":{"rendered":"<p>Dr. Hakan YA\u015eAR Zahnarzt Geboren 1971 in Ankara, absolvierte er dort seine Grund- und Sekundarschulbildung und besuchte anschlie\u00dfend das Kuleli-Milit\u00e4rgymnasium in Istanbul. 1996 schloss er sein Studium der Zahnmedizin an der Hacettepe-Universit\u00e4t ab. Dr. Hakan Ya\u015ear, dessen besonderes Interesse auf Implantatprothetik, \u00e4sthetischer Zahnheilkunde, Prothesenplanung und digitaler Zahnmedizin liegt, praktiziert seit 1997 in seiner Privatpraxis.<\/p>\n","protected":false},"author":1,"featured_media":10318,"parent":0,"menu_order":0,"comment_status":"closed","ping_status":"closed","template":"","meta":{"footnotes":""},"class_list":["post-10363","page","type-page","status-publish","has-post-thumbnail","hentry"],"_links":{"self":[{"href":"https:\/\/eotklinikankara.com\/de\/wp-json\/wp\/v2\/pages\/10363","targetHints":{"allow":["GET"]}}],"collection":[{"href":"https:\/\/eotklinikankara.com\/de\/wp-json\/wp\/v2\/pages"}],"about":[{"href":"https:\/\/eotklinikankara.com\/de\/wp-json\/wp\/v2\/types\/page"}],"author":[{"embeddable":true,"href":"https:\/\/eotklinikankara.com\/de\/wp-json\/wp\/v2\/users\/1"}],"replies":[{"embeddable":true,"href":"https:\/\/eotklinikankara.com\/de\/wp-json\/wp\/v2\/comments?post=10363"}],"version-history":[{"count":5,"href":"https:\/\/eotklinikankara.com\/de\/wp-json\/wp\/v2\/pages\/10363\/revisions"}],"predecessor-version":[{"id":10553,"href":"https:\/\/eotklinikankara.com\/de\/wp-json\/wp\/v2\/pages\/10363\/revisions\/10553"}],"wp:featuredmedia":[{"embeddable":true,"href":"https:\/\/eotklinikankara.com\/de\/wp-json\/wp\/v2\/media\/10318"}],"wp:attachment":[{"href":"https:\/\/eotklinikankara.com\/de\/wp-json\/wp\/v2\/media?parent=10363"}],"curies":[{"name":"wp","href":"https:\/\/api.w.org\/{rel}","templated":true}]}}