{"id":10293,"date":"2025-06-11T16:31:57","date_gmt":"2025-06-11T16:31:57","guid":{"rendered":"https:\/\/eotklinikankara.com\/cookie-policy\/"},"modified":"2025-11-15T20:33:15","modified_gmt":"2025-11-15T20:33:15","slug":"cookie-policy","status":"publish","type":"page","link":"https:\/\/eotklinikankara.com\/de\/cookie-policy\/","title":{"rendered":"Cookie-Richtlinie"},"content":{"rendered":"<style>.elementor-10293 .elementor-element.elementor-element-6d6eb38{--display:flex;}.elementor-10293 .elementor-element.elementor-element-2d9680e{--spacer-size:30px;}.elementor-widget-heading .elementor-heading-title{font-family:var( --e-global-typography-primary-font-family ), Sans-serif;font-size:var( --e-global-typography-primary-font-size );font-weight:var( --e-global-typography-primary-font-weight );line-height:var( --e-global-typography-primary-line-height );color:var( --e-global-color-primary );}.elementor-10293 .elementor-element.elementor-element-2ad7e3f{--display:flex;}.elementor-widget-text-editor{font-family:var( --e-global-typography-text-font-family ), Sans-serif;font-size:var( --e-global-typography-text-font-size );font-weight:var( --e-global-typography-text-font-weight );line-height:var( --e-global-typography-text-line-height );color:var( --e-global-color-text );}.elementor-widget-text-editor.elementor-drop-cap-view-stacked .elementor-drop-cap{background-color:var( --e-global-color-primary );}.elementor-widget-text-editor.elementor-drop-cap-view-framed .elementor-drop-cap, .elementor-widget-text-editor.elementor-drop-cap-view-default .elementor-drop-cap{color:var( --e-global-color-primary );border-color:var( --e-global-color-primary );}.elementor-10293 .elementor-element.elementor-element-5c949b1{--display:flex;}.elementor-10293 .elementor-element.elementor-element-8f7b081{--spacer-size:30px;}:root{--page-title-display:none;}@media(max-width:1024px){.elementor-widget-heading .elementor-heading-title{font-size:var( --e-global-typography-primary-font-size );line-height:var( --e-global-typography-primary-line-height );}.elementor-widget-text-editor{font-size:var( --e-global-typography-text-font-size );line-height:var( --e-global-typography-text-line-height );}}@media(max-width:767px){.elementor-widget-heading .elementor-heading-title{font-size:var( --e-global-typography-primary-font-size );line-height:var( --e-global-typography-primary-line-height );}.elementor-widget-text-editor{font-size:var( --e-global-typography-text-font-size );line-height:var( --e-global-typography-text-line-height );}}<\/style>\t\t<div data-elementor-type=\"wp-page\" data-elementor-id=\"10293\" class=\"elementor elementor-10293 elementor-173\" data-elementor-post-type=\"page\">\n\t\t\t\t<div class=\"elementor-element elementor-element-6d6eb38 e-flex e-con-boxed e-con e-parent\" data-id=\"6d6eb38\" data-element_type=\"container\" data-e-type=\"container\">\n\t\t\t\t\t<div class=\"e-con-inner\">\n\t\t\t\t<div class=\"elementor-element elementor-element-2d9680e elementor-widget elementor-widget-spacer\" data-id=\"2d9680e\" data-element_type=\"widget\" data-e-type=\"widget\" data-widget_type=\"spacer.default\">\n\t\t\t\t<div class=\"elementor-widget-container\">\n\t\t\t\t\t\t\t<div class=\"elementor-spacer\">\n\t\t\t<div class=\"elementor-spacer-inner\"><\/div>\n\t\t<\/div>\n\t\t\t\t\t\t<\/div>\n\t\t\t\t<\/div>\n\t\t\t\t<div class=\"elementor-element elementor-element-1ada0c7 elementor-hidden-desktop elementor-hidden-tablet elementor-hidden-mobile elementor-widget elementor-widget-heading\" data-id=\"1ada0c7\" data-element_type=\"widget\" data-e-type=\"widget\" data-widget_type=\"heading.default\">\n\t\t\t\t<div class=\"elementor-widget-container\">\n\t\t\t\t\t<h1 class=\"elementor-heading-title elementor-size-default\">EOT Clinic Ankara<\/h1>\t\t\t\t<\/div>\n\t\t\t\t<\/div>\n\t\t\t\t\t<\/div>\n\t\t\t\t<\/div>\n\t\t<div class=\"elementor-element elementor-element-2ad7e3f e-flex e-con-boxed e-con e-parent\" data-id=\"2ad7e3f\" data-element_type=\"container\" data-e-type=\"container\">\n\t\t\t\t\t<div class=\"e-con-inner\">\n\t\t\t\t<div class=\"elementor-element elementor-element-0dc631b elementor-widget elementor-widget-text-editor\" data-id=\"0dc631b\" data-element_type=\"widget\" data-e-type=\"widget\" data-widget_type=\"text-editor.default\">\n\t\t\t\t<div class=\"elementor-widget-container\">\n\t\t\t\t\t\t\t\t\t<header><h3>Cookie-Richtlinie und Informationstext<\/h3><\/header><article><div data-elementor-type=\"wp-page\" data-elementor-id=\"5859\" data-elementor-settings=\"{\"><div data-id=\"7f8e39c\" data-element_type=\"container\" data-settings=\"{\"><div data-id=\"466bb7a9\" data-element_type=\"widget\" data-widget_type=\"text-editor.default\"><p>Als \u201eEOT Ankara Dental Clinic\u201c verwenden wir Cookies (\u201e<strong>Cookies<\/strong>\u201c), um Ihre Erfahrung w\u00e4hrend Ihrer Nutzung oder Ihres Besuchs unserer Websites (\u201e<strong>Site<\/strong>\u201c), Anwendungen oder aller \u00e4hnlichen Online- oder Offline-Medien, die wir Ihnen in der digitalen Umgebung zur Verf\u00fcgung stellen, zu verbessern (alle vorgenannten Medien werden gemeinsam als \u201e<strong>Plattform<\/strong>\u201c bezeichnet).<\/p><p>Die Verwendung von Cookies erfolgt in \u00dcbereinstimmung mit dem Gesetz Nr. 6698 zum Schutz personenbezogener Daten (<strong>\u201eKVK-Gesetz\u201c<\/strong>) und den einschl\u00e4gigen Vorschriften.<\/p><p>Der Zweck dieser Cookie-Richtlinie ist es, Sie \u00fcber die Verarbeitung personenbezogener Daten zu informieren, die durch die Erfassung von Cookies bei der Nutzung der Plattformen gewonnen werden. In dieser Richtlinie m\u00f6chten wir erkl\u00e4ren, welche Arten von Cookies wir auf unserer Seite verwenden, f\u00fcr welche Zwecke und wie Sie diese Cookies kontrollieren k\u00f6nnen.<\/p><p>Wir k\u00f6nnen auf die Verwendung von Cookies auf unserer Website verzichten, deren Typen oder Funktionen \u00e4ndern oder neue Cookies zu unserer Website und App hinzuf\u00fcgen. Daher behalten wir uns das Recht vor, die Bestimmungen dieser Cookie-Richtlinie jederzeit zu \u00e4ndern. Jegliche \u00c4nderungen an der aktuellen Cookie-Richtlinie treten mit der Ver\u00f6ffentlichung auf der Website, in der App oder in einem anderen \u00f6ffentlich zug\u00e4nglichen Medium in Kraft. Das letzte Aktualisierungsdatum finden Sie am Ende des Textes.<\/p><p>Detaillierte Informationen zu den Zwecken, f\u00fcr die Ihre personenbezogenen Daten verarbeitet werden, finden Sie unter dem folgenden Link oder im Abschnitt \u201eRichtlinie zum Schutz und zur Verarbeitung personenbezogener Daten\u201c auf unserer Website.<\/p><p><strong>KVKK-RICHTLINIE<\/strong><\/p><p>\u00a0<\/p><p><strong>1. WAS IST EIN COOKIE?<\/strong><\/p><p>Ein Cookie ist eine kleine Textdatei, die auf Ihrem Computer oder Mobilger\u00e4t gespeichert wird, wenn Sie unsere Website besuchen, und die notwendig ist, damit eine Website Sie sp\u00e4ter wiedererkennen kann. Es spart Ihnen Zeit und merkt sich bei sp\u00e4teren Besuchen automatisch Ihre Antworten, wenn Sie registriert sind.<\/p><p>\u00a0<\/p><p><strong>2. WELCHE COOKIES WERDEN VERWENDET UND F\u00dcR WELCHE ZWECKE?<\/strong><\/p><p>Wir verwenden Cookies f\u00fcr verschiedene Zwecke auf unserer Website und in unserer App und verarbeiten Ihre personenbezogenen Daten durch diese Cookies. Diese Zwecke sind haupts\u00e4chlich:<\/p><ul><li><strong>Zur Durchf\u00fchrung der grundlegenden Funktionen, die f\u00fcr den Betrieb der Website und der Anwendung erforderlich sind. <\/strong><\/li><li><strong>Zur Analyse der Website und der Anwendung sowie zur Verbesserung der Leistung der Website und der Anwendung. <\/strong><\/li><li><strong>Zur Steigerung der Funktionalit\u00e4t der Website und der Anwendung sowie zur Gew\u00e4hrleistung der Benutzerfreundlichkeit.<\/strong><\/li><\/ul><p>\u00a0<\/p><p><strong>3. RECHTSGRUNDLAGE F\u00dcR DIE ERHEBUNG PERSONENBEZOGENER DATEN, METHODE, \u00dcBERTRAGUNG AN DRITTE<\/strong><\/p><p>\u00a0<\/p><p>Ihre personenbezogenen Daten werden w\u00e4hrend Ihres Besuchs auf unserer Website oder der Nutzung unserer Anwendung elektronisch \u00fcber Cookies auf der Rechtsgrundlage unseres berechtigten Interesses erhoben.<\/p><p>Im Einklang mit den im Informationstext genannten Zwecken k\u00f6nnen Ihre personenbezogenen Daten ohne Ihre Einwilligung verarbeitet werden, wenn mindestens eine der im zweiten Absatz von Artikel 5 des Gesetzes zum Schutz personenbezogener Daten festgelegten rechtlichen Datenverarbeitungsbedingungen erf\u00fcllt ist. Andernfalls, wenn die rechtlichen Datenverarbeitungsbedingungen nicht erf\u00fcllt sind, werden Ihre personenbezogenen Daten nur mit Ihrer ausdr\u00fccklichen Einwilligung verarbeitet.<\/p><p>\u00a0<\/p><p>In jedem Fall k\u00f6nnen wir Ihre personenbezogenen Daten im Rahmen des Informationstextes an Dritte weitergeben, die unsere Dienste nutzen, an unsere Lieferanten sowie an gesetzlich autorisierte \u00f6ffentliche und private juristische Personen, beschr\u00e4nkt auf die Erreichung der oben genannten Zwecke und in \u00dcbereinstimmung mit der Gesetzgebung.<\/p><p>\u00a0<\/p><p><strong>4. WELCHE RECHTE HABEN SIE ALS DATENINHABER?<\/strong><\/p><p>Gem\u00e4\u00df Artikel 11 des Gesetzes zum Schutz personenbezogener Daten haben die Dateneigent\u00fcmer das Recht,<\/p><ul><li>zu erfahren, ob personenbezogene Daten verarbeitet werden,<\/li><li>Informationen \u00fcber die Verarbeitung personenbezogener Daten anzufordern,<\/li><li>den Zweck der Verarbeitung personenbezogener Daten zu erfahren und ob sie ihrem Zweck entsprechend verwendet werden,<\/li><li>die Dritten zu kennen, an die personenbezogene Daten im In- oder Ausland \u00fcbermittelt werden,<\/li><li>die Berichtigung personenbezogener Daten zu verlangen, wenn diese unvollst\u00e4ndig oder falsch verarbeitet wurden, und zu verlangen, dass die in diesem Zusammenhang ergriffene Ma\u00dfnahme den Dritten, an die die personenbezogenen Daten \u00fcbermittelt wurden, mitgeteilt wird,<\/li><li>die L\u00f6schung oder Vernichtung personenbezogener Daten zu verlangen, falls die Gr\u00fcnde f\u00fcr die Verarbeitung entfallen sind, obwohl sie gem\u00e4\u00df den Bestimmungen des Gesetzes zum Schutz personenbezogener Daten und anderer relevanter Gesetze verarbeitet wurden, und zu verlangen, dass die in diesem Rahmen ergriffene Ma\u00dfnahme den Dritten, an die die personenbezogenen Daten \u00fcbermittelt wurden, mitgeteilt wird,<\/li><li>Einspruch gegen das Entstehen eines Ergebnisses gegen die Person selbst durch die ausschlie\u00dfliche Analyse der verarbeiteten Daten durch automatisierte Systeme zu erheben,<\/li><li>Im Falle eines Schadens, der durch die unrechtm\u00e4\u00dfige Verarbeitung personenbezogener Daten verursacht wird, hat die Person das Recht, eine Entsch\u00e4digung f\u00fcr den Schaden zu verlangen.<\/li><\/ul><p>Sie k\u00f6nnen Ihre oben aufgef\u00fchrten Rechte pers\u00f6nlich oder \u00fcber einen Notar beantragen.<\/p><figure><table><tbody><tr><td><strong>Antragsmethode<\/strong><\/td><td><strong>Anzuwendende Adresse<\/strong><\/td><\/tr><tr><td>Schriftlicher Antrag pers\u00f6nlich<\/td><td>\u00dcmit, 2480. Sk. kafkas Site no: 94, 06810 \u00c7ankaya\/Ankara<\/td><\/tr><tr><td>Antrag durch einen Notar<\/td><td>\u00dcmit, 2480. Sk. kafkas Site no: 94, 06810 \u00c7ankaya\/Ankara<\/td><\/tr><\/tbody><\/table><\/figure><p>Es ist Dritten nicht m\u00f6glich, Antr\u00e4ge im Namen von Inhabern personenbezogener Daten zu stellen. Abh\u00e4ngig von der Art Ihrer Anfrage werden Ihre Antr\u00e4ge so schnell wie m\u00f6glich und in jedem Fall sp\u00e4testens innerhalb von drei\u00dfig Tagen kostenlos abgeschlossen. Sollten dar\u00fcber hinaus Kosten entstehen, behalten wir uns das Recht vor, Ihnen eine Geb\u00fchr gem\u00e4\u00df dem vom Ausschuss f\u00fcr den Schutz personenbezogener Daten festgelegten Tarif zu berechnen.<\/p><p>\u00a0<\/p><p><strong>4. AUF UNSERER WEBSITE UND IN UNSERER ANWENDUNG VERWENDETE COOKIES<\/strong><\/p><p>\u00a0<\/p><p>Cookies k\u00f6nnen nach ihren Eigent\u00fcmern, ihrer Lebensdauer und ihrem Zweck kategorisiert werden. Unten finden Sie die verschiedenen Arten von Cookies, die wir auf unserer Website und in unserer App verwenden. Unsere Website und App verwenden sowohl Erstanbieter-Cookies (die von der von Ihnen besuchten Website platziert werden) als auch Drittanbieter-Cookies (die von anderen Servern als der von Ihnen besuchten Website platziert werden). W\u00e4hrend Plattform-Cookies von uns erstellt werden, werden Drittanbieter-Cookies von verschiedenen Unternehmen verwaltet, mit denen wir zusammenarbeiten. Abh\u00e4ngig von der Aktivit\u00e4tsdauer werden Sitzungs-Cookies und dauerhafte Cookies verwendet. W\u00e4hrend Sitzungs-Cookies gel\u00f6scht werden, wenn der Besucher die Plattform verl\u00e4sst, k\u00f6nnen dauerhafte Cookies je nach Verwendungsbereich f\u00fcr verschiedene Zeitr\u00e4ume auf den Ger\u00e4ten der Besucher verbleiben. Abh\u00e4ngig von den Verwendungszwecken werden auf der Plattform technische Cookies, Verifizierungs-Cookies, Personalisierungs-Cookies und analytische Cookies verwendet.<\/p><p>\u00a0<\/p><p><strong>5. WIE KANN ICH DIE VERWENDUNG VON COOKIES KONTROLLIEREN?<\/strong><\/p><p>\u00a0<\/p><p>Die Pr\u00e4ferenzen unserer Besucher und Benutzer bez\u00fcglich der Verwendung von Cookies und \u00e4hnlichen Technologien sind f\u00fcr uns wesentlich. Die Plattform erfordert jedoch die Verwendung von unbedingt erforderlichen Cookies. Zus\u00e4tzlich m\u00f6chten wir Sie daran erinnern, dass bei der Deaktivierung bestimmter Cookies einige Funktionen der Plattform m\u00f6glicherweise nur teilweise oder gar nicht funktionieren.<\/p><p>Informationen dar\u00fcber, wie Sie Ihre Pr\u00e4ferenzen bez\u00fcglich der auf der Plattform verwendeten Cookies verwalten k\u00f6nnen, sind wie folgt:<\/p><p>Besucher haben die M\u00f6glichkeit, ihre Pr\u00e4ferenzen bez\u00fcglich Cookies zu personalisieren, indem sie die Browsereinstellungen \u00e4ndern, mit denen sie die Plattform anzeigen. Wenn der verwendete Browser diese M\u00f6glichkeit bietet, ist es m\u00f6glich, die Pr\u00e4ferenzen bez\u00fcglich Cookies \u00fcber die Browsereinstellungen zu \u00e4ndern.<\/p><p>\u00a0<\/p><p>So haben die Dateneigent\u00fcmer, obwohl dies je nach den vom Browser gebotenen M\u00f6glichkeiten variieren kann, die M\u00f6glichkeit, die Verwendung von Cookies zu verhindern, eine Warnung vor der Verwendung eines Cookies zu erhalten oder einfach einige Cookies zu deaktivieren oder zu l\u00f6schen.<\/p><p>\u00a0<\/p><p>Obwohl die Pr\u00e4ferenzen in dieser Hinsicht je nach verwendetem Browser variieren, finden Sie eine allgemeine Erkl\u00e4rung unter https:\/\/www.aboutcookies.org\/. Pr\u00e4ferenzen bez\u00fcglich Cookies m\u00fcssen m\u00f6glicherweise f\u00fcr jedes Ger\u00e4t, \u00fcber das der Besucher auf die Plattform zugreift, separat vorgenommen werden.<\/p><p>\u00a0<\/p><p>Klicken Sie hier, um von Google Analytics verwaltete Cookies zu deaktivieren.<\/p><p>\u00a0<\/p><p>Klicken Sie hier, um das personalisierte Werbeerlebnis von Google zu verwalten.<\/p><p>\u00a0<\/p><p>Pr\u00e4ferenzen bez\u00fcglich Cookies, die von vielen Unternehmen f\u00fcr Werbeaktivit\u00e4ten verwendet werden, k\u00f6nnen \u00fcber Your Online Choices verwaltet werden.<\/p><p>\u00a0<\/p><p>Um Cookies auf mobilen Ger\u00e4ten zu verwalten, kann das Einstellungsmen\u00fc des mobilen Ger\u00e4ts verwendet werden.<\/p><p>\u00a0<\/p><p>Sie haben die M\u00f6glichkeit, Ihre Pr\u00e4ferenzen bez\u00fcglich Cookies durch \u00c4ndern der Einstellungen Ihres Browsers zu personalisieren. Indem Sie diese Website ohne die vorgenannte Anpassung nutzen, stimmen Sie der Erhebung Ihrer personenbezogenen Daten durch Cookies zu und erkl\u00e4ren sich damit einverstanden, an die auf unserer Website verf\u00fcgbare Offenlegungserkl\u00e4rung und die Richtlinie zur Verarbeitung personenbezogener Daten\/Datenschutzrichtlinie gebunden zu sein.<\/p><p>Aktualisierungsdatum: 13.03.2025<\/p><figure><table><tbody><tr><td><strong>Adobe Analytics<\/strong><\/td><td>http:\/\/www.adobe.com\/uk\/privacy\/opt-out.html<\/td><\/tr><tr><td><strong>AOL<\/strong><\/td><td>https:\/\/help.aol.com\/articles\/restore-security-settings-and-enable-cookie-settings-on-browser<\/td><\/tr><tr><td><strong>Google Adwords<\/strong><\/td><td>https:\/\/support.google.com\/ads\/answer\/2662922?hl=en<\/td><\/tr><tr><td><strong>Google Analytics<\/strong><\/td><td>https:\/\/tools.google.com\/dlpage\/gaoptout<\/td><\/tr><tr><td><strong>Google Chrome<\/strong><\/td><td>http:\/\/www.google.com\/support\/chrome\/bin\/answer.py?hl=en&amp;answer=95647<\/td><\/tr><tr><td><strong>Internet Explorer<\/strong><\/td><td>https:\/\/support.microsoft.com\/en-us\/help\/17442\/windows-internet-explorer-delete-manage-cookies<\/td><\/tr><tr><td><strong>MozillaFirefox<\/strong><\/td><td>http:\/\/support.mozilla.com\/en-US\/kb\/Cookies<\/td><\/tr><tr><td><strong>Opera<\/strong><\/td><td>http:\/\/www.opera.com\/browser\/tutorials\/security\/privacy\/<\/td><\/tr><tr><td><strong>Safari<\/strong><\/td><td>https:\/\/support.apple.com\/kb\/ph19214?locale=tr_TR<\/td><\/tr><\/tbody><\/table><\/figure><\/div><\/div><\/div><\/article>\t\t\t\t\t\t\t\t<\/div>\n\t\t\t\t<\/div>\n\t\t\t\t\t<\/div>\n\t\t\t\t<\/div>\n\t\t<div class=\"elementor-element elementor-element-5c949b1 e-flex e-con-boxed e-con e-parent\" data-id=\"5c949b1\" data-element_type=\"container\" data-e-type=\"container\">\n\t\t\t\t\t<div class=\"e-con-inner\">\n\t\t\t\t<div class=\"elementor-element elementor-element-8f7b081 elementor-widget elementor-widget-spacer\" data-id=\"8f7b081\" data-element_type=\"widget\" data-e-type=\"widget\" data-widget_type=\"spacer.default\">\n\t\t\t\t<div class=\"elementor-widget-container\">\n\t\t\t\t\t\t\t<div class=\"elementor-spacer\">\n\t\t\t<div class=\"elementor-spacer-inner\"><\/div>\n\t\t<\/div>\n\t\t\t\t\t\t<\/div>\n\t\t\t\t<\/div>\n\t\t\t\t\t<\/div>\n\t\t\t\t<\/div>\n\t\t\t\t<\/div>\n\t\t","protected":false},"excerpt":{"rendered":"<p>EOT Clinic Ankara Cookie-Richtlinie und Informationstext Als \u201eEOT Ankara Dental Clinic\u201c verwenden wir Cookies (\u201eCookies\u201c), um Ihre Erfahrung w\u00e4hrend Ihrer Nutzung oder Ihres Besuchs unserer Websites (\u201eSite\u201c), Anwendungen oder aller \u00e4hnlichen Online- oder Offline-Medien, die wir Ihnen in der digitalen Umgebung zur Verf\u00fcgung stellen, zu verbessern (alle vorgenannten Medien werden gemeinsam als \u201ePlattform\u201c bezeichnet). Die [&hellip;]<\/p>\n","protected":false},"author":1,"featured_media":10252,"parent":0,"menu_order":0,"comment_status":"closed","ping_status":"closed","template":"","meta":{"footnotes":""},"class_list":["post-10293","page","type-page","status-publish","has-post-thumbnail","hentry"],"_links":{"self":[{"href":"https:\/\/eotklinikankara.com\/de\/wp-json\/wp\/v2\/pages\/10293","targetHints":{"allow":["GET"]}}],"collection":[{"href":"https:\/\/eotklinikankara.com\/de\/wp-json\/wp\/v2\/pages"}],"about":[{"href":"https:\/\/eotklinikankara.com\/de\/wp-json\/wp\/v2\/types\/page"}],"author":[{"embeddable":true,"href":"https:\/\/eotklinikankara.com\/de\/wp-json\/wp\/v2\/users\/1"}],"replies":[{"embeddable":true,"href":"https:\/\/eotklinikankara.com\/de\/wp-json\/wp\/v2\/comments?post=10293"}],"version-history":[{"count":5,"href":"https:\/\/eotklinikankara.com\/de\/wp-json\/wp\/v2\/pages\/10293\/revisions"}],"predecessor-version":[{"id":10534,"href":"https:\/\/eotklinikankara.com\/de\/wp-json\/wp\/v2\/pages\/10293\/revisions\/10534"}],"wp:featuredmedia":[{"embeddable":true,"href":"https:\/\/eotklinikankara.com\/de\/wp-json\/wp\/v2\/media\/10252"}],"wp:attachment":[{"href":"https:\/\/eotklinikankara.com\/de\/wp-json\/wp\/v2\/media?parent=10293"}],"curies":[{"name":"wp","href":"https:\/\/api.w.org\/{rel}","templated":true}]}}